{"id":8,"date":"2026-02-17T13:29:52","date_gmt":"2026-02-17T13:29:52","guid":{"rendered":"https:\/\/test.matthewgraye.de\/?page_id=8"},"modified":"2026-02-26T08:22:25","modified_gmt":"2026-02-26T08:22:25","slug":"start","status":"publish","type":"page","link":"https:\/\/matthewgraye.com\/","title":{"rendered":"Start"},"content":{"rendered":"\n<div class=\"wp-block-cover alignfull\" style=\"min-height:701px;aspect-ratio:unset;\"><img loading=\"lazy\" decoding=\"async\" width=\"1024\" height=\"427\" class=\"wp-block-cover__image-background wp-image-41 size-large\" alt=\"\" src=\"https:\/\/matthewgraye.com\/wp-content\/uploads\/2026\/02\/hintergrund_live2-1024x427.jpg\" data-object-fit=\"cover\" srcset=\"https:\/\/matthewgraye.com\/wp-content\/uploads\/2026\/02\/hintergrund_live2-1024x427.jpg 1024w, https:\/\/matthewgraye.com\/wp-content\/uploads\/2026\/02\/hintergrund_live2-300x125.jpg 300w, https:\/\/matthewgraye.com\/wp-content\/uploads\/2026\/02\/hintergrund_live2-768x320.jpg 768w, https:\/\/matthewgraye.com\/wp-content\/uploads\/2026\/02\/hintergrund_live2-1536x641.jpg 1536w, https:\/\/matthewgraye.com\/wp-content\/uploads\/2026\/02\/hintergrund_live2.jpg 1894w\" sizes=\"auto, (max-width: 1024px) 100vw, 1024px\" \/><span aria-hidden=\"true\" class=\"wp-block-cover__background has-background-dim wp-block-cover__gradient-background has-background-gradient\" style=\"background-color:#747474;background:linear-gradient(35deg,rgb(6,0,151) 0%,rgb(130,4,255) 73%,rgb(193,15,255) 100%)\"><\/span><div class=\"wp-block-cover__inner-container is-layout-flow wp-block-cover-is-layout-flow\">\n<div class=\"inherit-container-width wp-block-group alignwide is-layout-constrained wp-block-group-is-layout-constrained\">\n<div class=\"wp-block-media-text is-stacked-on-mobile is-vertically-aligned-center\" style=\"margin-top:var(--wp--preset--spacing--50);margin-bottom:var(--wp--preset--spacing--50);grid-template-columns:30% auto\"><figure class=\"wp-block-media-text__media\"><img loading=\"lazy\" decoding=\"async\" width=\"610\" height=\"759\" src=\"https:\/\/matthewgraye.com\/wp-content\/uploads\/2026\/02\/15.png\" alt=\"\" class=\"wp-image-39 size-full\" srcset=\"https:\/\/matthewgraye.com\/wp-content\/uploads\/2026\/02\/15.png 610w, https:\/\/matthewgraye.com\/wp-content\/uploads\/2026\/02\/15-241x300.png 241w\" sizes=\"auto, (max-width: 610px) 100vw, 610px\" \/><\/figure><div class=\"wp-block-media-text__content\">\n<h1 class=\"wp-block-heading has-text-align-left has-white-color has-text-color\">unser album nr. 3 ist da!<\/h1>\n\n\n\n<p class=\"has-white-color has-text-color\">Seit dem 13.02. ist unser neues Album &#8222;15 Jahre ohne Hit&#8220; online. <\/p>\n\n\n\n<div class=\"wp-block-buttons is-layout-flex wp-block-buttons-is-layout-flex\">\n<div class=\"wp-block-button\"><a class=\"wp-block-button__link wp-element-button\" href=\"https:\/\/open.spotify.com\/intl-de\/artist\/6e99ppo2EHbcJIPVidWFHC\" target=\"_blank\" rel=\"noreferrer noopener\">Auf Spotify anh\u00f6ren<\/a><\/div>\n<\/div>\n<\/div><\/div>\n<\/div>\n<\/div><\/div>\n\n\n\n<div id=\"services\" class=\"wp-block-group is-content-justification-left is-layout-constrained wp-container-core-group-is-layout-b6f0e341 wp-block-group-is-layout-constrained\" style=\"padding-top:144px;padding-bottom:0px\">\n<h2 class=\"wp-block-heading\">Live<\/h2>\n\n\n\n<div class=\"wp-block-columns is-layout-flex wp-container-core-columns-is-layout-60cbf9bb wp-block-columns-is-layout-flex\" style=\"margin-top:50px\">\n<div class=\"wp-block-column is-layout-flow wp-container-core-column-is-layout-6b73ce23 wp-block-column-is-layout-flow\">\n<h3 class=\"wp-block-heading has-ast-global-color-2-color has-text-color has-link-color wp-elements-e5a5c0a80f971cd08e9339076aad74c7\" style=\"margin-top:16px\">Club tour<\/h3>\n\n\n\n<p>Auftritte folgen\u2026<\/p>\n<\/div>\n\n\n\n<div class=\"wp-block-column is-layout-flow wp-container-core-column-is-layout-6b73ce23 wp-block-column-is-layout-flow\">\n<h3 class=\"wp-block-heading has-ast-global-color-2-color has-text-color has-link-color wp-elements-37164bbccfc084579acb52878a313cb2\" style=\"margin-top:16px\">open air<\/h3>\n\n\n\n<p>Auftritte folgen\u2026<\/p>\n<\/div>\n<\/div>\n<\/div>\n\n\n\n<div style=\"height:100px\" aria-hidden=\"true\" class=\"wp-block-spacer\"><\/div>\n\n\n\n<div class=\"wp-block-group alignfull has-ast-global-color-8-background-color has-background is-layout-constrained wp-container-core-group-is-layout-6a2cfb7b wp-block-group-is-layout-constrained\" id=\"reviews\">\n<h2 class=\"wp-block-heading has-text-align-center\">\u00dcber uns in 10 Sekunden<\/h2>\n\n\n\n<p class=\"has-text-align-center\">\u00bb\u2026 mit der Pr\u00e4destination zur Dauerrotation\u2026\u00ab <br>(Schall Magazin)<\/p>\n\n\n\n<hr class=\"wp-block-separator has-alpha-channel-opacity\"\/>\n\n\n\n<p class=\"has-text-align-center\">\u00bbEin Hammer, dieses Album.\u00ab <br>(magaScene)<\/p>\n\n\n\n<hr class=\"wp-block-separator has-alpha-channel-opacity\"\/>\n\n\n\n<p class=\"has-text-align-center\">\u00bbPop-Punk mit Bl\u00e4sern und jeder Menge \u201aKawumm\u2018. \u2026 Freut euch auf deutsche Texte, rockigen Sound und jede Menge Fun!\u00ab <br>(SWR 3)<\/p>\n\n\n\n<hr class=\"wp-block-separator has-alpha-channel-opacity\"\/>\n\n\n\n<p class=\"has-text-align-center\">\u00bb\u2026 so melodi\u00f6s, dass sich der Titeltrack \u2026 als unversch\u00e4mt m\u00e4chtiger Ohrwurm entpuppt, der einen \u2013 schon nach dem ersten H\u00f6ren \u2013 noch tagelang begleiten kann.\u00ab <br>(Rockszene.de)<\/p>\n\n\n\n<hr class=\"wp-block-separator has-alpha-channel-opacity\"\/>\n\n\n\n<p class=\"has-text-align-center\">\u00bbDa wird auf die Tube gedr\u00fcckt, irgendwo zwischen Ska, Funpunk, Rock und Pop, einen Bl\u00e4sersatz hat das Oktett \u2026 schon an Bord, da geht\u2018s bei Konzerten nicht nur auf der B\u00fchne rund.\u00ab (Hannoversche Allgemeine Zeitung)<\/p>\n\n\n\n<hr class=\"wp-block-separator has-alpha-channel-opacity\"\/>\n\n\n\n<p class=\"has-text-align-center\">\u00bbKein Wunder, dass Matthew Graye der Ruf einer vorz\u00fcglichen Liveband vorauseilt.\u00ab <br>(Radio Jade)<\/p>\n<\/div>\n\n\n\n<div id=\"whyus\" class=\"wp-block-group is-content-justification-center is-layout-constrained wp-container-core-group-is-layout-f8b742d1 wp-block-group-is-layout-constrained\" style=\"padding-top:144px;padding-bottom:144px\">\n<h2 class=\"wp-block-heading has-text-align-left\" id=\"band\">Die band<\/h2>\n\n\n\n<figure class=\"wp-block-image size-large is-resized\"><img loading=\"lazy\" decoding=\"async\" width=\"1024\" height=\"576\" src=\"https:\/\/matthewgraye.com\/wp-content\/uploads\/2026\/02\/MG_Querformat_3C-1024x576.jpg\" alt=\"\" class=\"wp-image-100\" style=\"width:1200px;height:auto\" srcset=\"https:\/\/matthewgraye.com\/wp-content\/uploads\/2026\/02\/MG_Querformat_3C-1024x576.jpg 1024w, https:\/\/matthewgraye.com\/wp-content\/uploads\/2026\/02\/MG_Querformat_3C-300x169.jpg 300w, https:\/\/matthewgraye.com\/wp-content\/uploads\/2026\/02\/MG_Querformat_3C-768x432.jpg 768w, https:\/\/matthewgraye.com\/wp-content\/uploads\/2026\/02\/MG_Querformat_3C-1536x864.jpg 1536w, https:\/\/matthewgraye.com\/wp-content\/uploads\/2026\/02\/MG_Querformat_3C-2048x1152.jpg 2048w\" sizes=\"auto, (max-width: 1024px) 100vw, 1024px\" \/><\/figure>\n\n\n\n<p class=\"has-text-align-left\">Rockiger Pop, poppiger Punk und wuchtige Bl\u00e4ser \u2013 wenn Matthew Graye aufspielen, geht es rund auf der B\u00fchne. Und erst recht davor, denn bei den treibenden Beats kann niemand stillstehen und dem Mitsingen der eing\u00e4ngigen Hooks widerstehen. Knackige Riffs treffen auf verspielte Synthiesounds, st\u00fcrmisches Gebl\u00e4se setzt die Ausrufezeichen. Zusammen mit dem gewissen Etwas an Ironie und Irrsinn in den deutschen Texten ergibt sich das Rundumsorglospaket f\u00fcr Entertainment und Ekstase.<\/p>\n\n\n\n<hr class=\"wp-block-separator has-alpha-channel-opacity\"\/>\n\n\n\n<p class=\"has-text-align-left\">&nbsp;Matthew Graye aus Hildesheim\/Hannover ist ein Kollektiv unterschiedlichster Charaktere und entsprechend vielf\u00e4ltig ist die Zutatenliste ihrer Tanzmusik, die Fans von Boyband-Rock bis Ohrwurm-Pop, von \u00c4rzte-Punk bis NDW-Ska gleicherma\u00dfen gl\u00fccklich macht. Bewiesen von schwei\u00dftreibenden Club-Shows bis zu feierw\u00fctigen Open Airs mit zum Beispiel Madsen oder Killerpilze.<\/p>\n\n\n\n<hr class=\"wp-block-separator has-alpha-channel-opacity\"\/>\n\n\n\n<p class=\"has-text-align-left\">&nbsp;Junge Menschen mit Rockstar-Tr\u00e4umen, die ihren Vorbildern wie Die \u00c4rzte und Sondaschule nacheifern wollten, gr\u00fcndeten einst die Band Matthew Graye. Hochmotiviert f\u00fchrte ihr Weg ganz klassisch von erfolgreichen Teilnahmen an Bandwettbewerben zu bundesweiten Auftritten und vom Proberaum in Tonstudios. Nun sind sie gereifte Thirtysomethings, die dem Ernst des Lebens immer noch jede Menge Party entgegensetzen.<\/p>\n\n\n\n<div style=\"height:23px\" aria-hidden=\"true\" class=\"wp-block-spacer\"><\/div>\n\n\n\n<div class=\"wp-block-columns is-layout-flex wp-container-core-columns-is-layout-28f84493 wp-block-columns-is-layout-flex\">\n<div class=\"wp-block-column is-layout-flow wp-block-column-is-layout-flow\">\n<div class=\"wp-block-columns is-layout-flex wp-container-core-columns-is-layout-28f84493 wp-block-columns-is-layout-flex\">\n<div class=\"wp-block-column is-layout-flow wp-block-column-is-layout-flow\">\n<figure class=\"wp-block-image\"><img loading=\"lazy\" decoding=\"async\" width=\"768\" height=\"768\" src=\"https:\/\/matthewgraye.com\/wp-content\/uploads\/2026\/02\/Bronko_web.jpg\" alt=\"\" class=\"wp-image-108\" srcset=\"https:\/\/matthewgraye.com\/wp-content\/uploads\/2026\/02\/Bronko_web.jpg 768w, https:\/\/matthewgraye.com\/wp-content\/uploads\/2026\/02\/Bronko_web-300x300.jpg 300w, https:\/\/matthewgraye.com\/wp-content\/uploads\/2026\/02\/Bronko_web-150x150.jpg 150w\" sizes=\"auto, (max-width: 768px) 100vw, 768px\" \/><figcaption class=\"wp-element-caption\">Bronko (Gesang)<\/figcaption><\/figure>\n<\/div>\n\n\n\n<div class=\"wp-block-column is-layout-flow wp-block-column-is-layout-flow\">\n<figure class=\"wp-block-image size-full\"><img loading=\"lazy\" decoding=\"async\" width=\"768\" height=\"768\" src=\"https:\/\/matthewgraye.com\/wp-content\/uploads\/2026\/02\/Simon_web.jpg\" alt=\"\" class=\"wp-image-105\" srcset=\"https:\/\/matthewgraye.com\/wp-content\/uploads\/2026\/02\/Simon_web.jpg 768w, https:\/\/matthewgraye.com\/wp-content\/uploads\/2026\/02\/Simon_web-300x300.jpg 300w, https:\/\/matthewgraye.com\/wp-content\/uploads\/2026\/02\/Simon_web-150x150.jpg 150w\" sizes=\"auto, (max-width: 768px) 100vw, 768px\" \/><figcaption class=\"wp-element-caption\">Nowitzky (Gitarre)<\/figcaption><\/figure>\n<\/div>\n<\/div>\n<\/div>\n\n\n\n<div class=\"wp-block-column is-layout-flow wp-block-column-is-layout-flow\">\n<div class=\"wp-block-columns is-layout-flex wp-container-core-columns-is-layout-28f84493 wp-block-columns-is-layout-flex\">\n<div class=\"wp-block-column is-layout-flow wp-block-column-is-layout-flow\">\n<figure class=\"wp-block-image size-full\"><img loading=\"lazy\" decoding=\"async\" width=\"768\" height=\"768\" src=\"https:\/\/matthewgraye.com\/wp-content\/uploads\/2026\/02\/Littmann_web.jpg\" alt=\"\" class=\"wp-image-103\" srcset=\"https:\/\/matthewgraye.com\/wp-content\/uploads\/2026\/02\/Littmann_web.jpg 768w, https:\/\/matthewgraye.com\/wp-content\/uploads\/2026\/02\/Littmann_web-300x300.jpg 300w, https:\/\/matthewgraye.com\/wp-content\/uploads\/2026\/02\/Littmann_web-150x150.jpg 150w\" sizes=\"auto, (max-width: 768px) 100vw, 768px\" \/><figcaption class=\"wp-element-caption\">Littmann (Piano)<\/figcaption><\/figure>\n<\/div>\n\n\n\n<div class=\"wp-block-column is-layout-flow wp-block-column-is-layout-flow\">\n<figure class=\"wp-block-image size-full\"><img loading=\"lazy\" decoding=\"async\" width=\"768\" height=\"768\" src=\"https:\/\/matthewgraye.com\/wp-content\/uploads\/2026\/02\/Timo_web-1.jpg\" alt=\"\" class=\"wp-image-110\" srcset=\"https:\/\/matthewgraye.com\/wp-content\/uploads\/2026\/02\/Timo_web-1.jpg 768w, https:\/\/matthewgraye.com\/wp-content\/uploads\/2026\/02\/Timo_web-1-300x300.jpg 300w, https:\/\/matthewgraye.com\/wp-content\/uploads\/2026\/02\/Timo_web-1-150x150.jpg 150w\" sizes=\"auto, (max-width: 768px) 100vw, 768px\" \/><figcaption class=\"wp-element-caption\">Timo (Drums)<\/figcaption><\/figure>\n<\/div>\n<\/div>\n<\/div>\n<\/div>\n\n\n\n<div class=\"wp-block-columns is-layout-flex wp-container-core-columns-is-layout-28f84493 wp-block-columns-is-layout-flex\">\n<div class=\"wp-block-column is-layout-flow wp-block-column-is-layout-flow\">\n<div class=\"wp-block-columns is-layout-flex wp-container-core-columns-is-layout-28f84493 wp-block-columns-is-layout-flex\">\n<div class=\"wp-block-column is-layout-flow wp-block-column-is-layout-flow\">\n<figure class=\"wp-block-image size-full\"><img loading=\"lazy\" decoding=\"async\" width=\"768\" height=\"768\" src=\"https:\/\/matthewgraye.com\/wp-content\/uploads\/2026\/02\/Limbo_web.jpg\" alt=\"\" class=\"wp-image-102\" srcset=\"https:\/\/matthewgraye.com\/wp-content\/uploads\/2026\/02\/Limbo_web.jpg 768w, https:\/\/matthewgraye.com\/wp-content\/uploads\/2026\/02\/Limbo_web-300x300.jpg 300w, https:\/\/matthewgraye.com\/wp-content\/uploads\/2026\/02\/Limbo_web-150x150.jpg 150w\" sizes=\"auto, (max-width: 768px) 100vw, 768px\" \/><figcaption class=\"wp-element-caption\">Limbo (Bass)<\/figcaption><\/figure>\n<\/div>\n\n\n\n<div class=\"wp-block-column is-layout-flow wp-block-column-is-layout-flow\">\n<figure class=\"wp-block-image size-full\"><img loading=\"lazy\" decoding=\"async\" width=\"768\" height=\"768\" src=\"https:\/\/matthewgraye.com\/wp-content\/uploads\/2026\/02\/Yannick_web.jpg\" alt=\"\" class=\"wp-image-107\" srcset=\"https:\/\/matthewgraye.com\/wp-content\/uploads\/2026\/02\/Yannick_web.jpg 768w, https:\/\/matthewgraye.com\/wp-content\/uploads\/2026\/02\/Yannick_web-300x300.jpg 300w, https:\/\/matthewgraye.com\/wp-content\/uploads\/2026\/02\/Yannick_web-150x150.jpg 150w\" sizes=\"auto, (max-width: 768px) 100vw, 768px\" \/><figcaption class=\"wp-element-caption\">Jay (Trompete)<\/figcaption><\/figure>\n<\/div>\n<\/div>\n<\/div>\n\n\n\n<div class=\"wp-block-column is-layout-flow wp-block-column-is-layout-flow\">\n<div class=\"wp-block-columns is-layout-flex wp-container-core-columns-is-layout-28f84493 wp-block-columns-is-layout-flex\">\n<div class=\"wp-block-column is-layout-flow wp-block-column-is-layout-flow\">\n<figure class=\"wp-block-image size-full\"><img loading=\"lazy\" decoding=\"async\" width=\"768\" height=\"768\" src=\"https:\/\/matthewgraye.com\/wp-content\/uploads\/2026\/02\/Nils_web.jpg\" alt=\"\" class=\"wp-image-104\" srcset=\"https:\/\/matthewgraye.com\/wp-content\/uploads\/2026\/02\/Nils_web.jpg 768w, https:\/\/matthewgraye.com\/wp-content\/uploads\/2026\/02\/Nils_web-300x300.jpg 300w, https:\/\/matthewgraye.com\/wp-content\/uploads\/2026\/02\/Nils_web-150x150.jpg 150w\" sizes=\"auto, (max-width: 768px) 100vw, 768px\" \/><figcaption class=\"wp-element-caption\">Woood (Posaune)<\/figcaption><\/figure>\n<\/div>\n\n\n\n<div class=\"wp-block-column is-layout-flow wp-block-column-is-layout-flow\">\n<figure class=\"wp-block-image size-full\"><img loading=\"lazy\" decoding=\"async\" width=\"768\" height=\"768\" src=\"https:\/\/matthewgraye.com\/wp-content\/uploads\/2026\/02\/Kurt_web.jpg\" alt=\"\" class=\"wp-image-101\" srcset=\"https:\/\/matthewgraye.com\/wp-content\/uploads\/2026\/02\/Kurt_web.jpg 768w, https:\/\/matthewgraye.com\/wp-content\/uploads\/2026\/02\/Kurt_web-300x300.jpg 300w, https:\/\/matthewgraye.com\/wp-content\/uploads\/2026\/02\/Kurt_web-150x150.jpg 150w\" sizes=\"auto, (max-width: 768px) 100vw, 768px\" \/><figcaption class=\"wp-element-caption\">Kurt (Saxophon)<\/figcaption><\/figure>\n<\/div>\n<\/div>\n<\/div>\n<\/div>\n\n\n\n\n\n\n\n\n\n\n\n\n\n\n\n\n<\/div>\n\n\n\n<div class=\"wp-block-columns is-layout-flex wp-container-core-columns-is-layout-1a3f87fd wp-block-columns-is-layout-flex\" style=\"margin-top:0;margin-bottom:0;padding-top:0;padding-bottom:0\">\n<div class=\"wp-block-column is-layout-flow wp-block-column-is-layout-flow\" style=\"padding-top:0px;padding-bottom:0px\">\n<h2 class=\"wp-block-heading\" id=\"kontakt\">Kontakt<\/h2>\n\n\n\n<div class=\"wp-block-columns is-layout-flex wp-container-core-columns-is-layout-28f84493 wp-block-columns-is-layout-flex\">\n<div class=\"wp-block-column is-layout-flow wp-block-column-is-layout-flow\">\n<p>Wir freuen uns, dass Sie sich die Zeit nehmen, hier vorbei zu schauen! Die wichtigsten Informationen haben wir direkt auf dieser Seite zusammengestellt, alles Material bieten wir am Ende der Seite auch zum Download an. Sollten Fragen entstehen oder unbeantwortet bleiben, melden Sie sich doch gerne 24\/7 bei uns. Wir freuen uns \u00fcber Ihre R\u00fcckmeldung!<\/p>\n\n\n\n<div style=\"height:20px\" aria-hidden=\"true\" class=\"wp-block-spacer\"><\/div>\n\n\n\n<h3 class=\"wp-block-heading\"><strong>BOOKING<\/strong><\/h3>\n\n\n\n<p>Simon Nowitzki<br><a href=\"mailto:booking@matthewgraye.com\">booking@matthewgraye.com<\/a><br>Mobil: +49 (0) 160 7509786<\/p>\n\n\n\n<div style=\"height:20px\" aria-hidden=\"true\" class=\"wp-block-spacer\"><\/div>\n\n\n\n<h3 class=\"wp-block-heading\"><strong>PRESSE<\/strong><\/h3>\n\n\n\n<p>Antje Winzer, <br><a href=\"mailto:mail@winzer-pr.de\">mail@winzer-pr.de<\/a><br>Telefon: +49 (0) 511 8379537<br>Fax:\u00a0+49 (0) 511 8379539<\/p>\n\n\n\n<div style=\"height:20px\" aria-hidden=\"true\" class=\"wp-block-spacer\"><\/div>\n\n\n\n<h3 class=\"wp-block-heading\"><strong>DOWNLOADS<\/strong><\/h3>\n\n\n\n<div class=\"wp-block-buttons is-layout-flex wp-block-buttons-is-layout-flex\">\n<div class=\"wp-block-button\"><a class=\"wp-block-button__link wp-element-button\" href=\"https:\/\/matthewgraye.com\/wp-content\/uploads\/2026\/02\/Matthew_Graye_Pressetext-1.pdf\" target=\"_blank\" rel=\"noreferrer noopener\">Pressetext<\/a><\/div>\n\n\n\n<div class=\"wp-block-button\"><a class=\"wp-block-button__link wp-element-button\" href=\"https:\/\/matthewgraye.com\/wp-content\/uploads\/2026\/02\/PRESSEFOTOS.zip\" target=\"_blank\" rel=\"noreferrer noopener\">Pressbilder<\/a><\/div>\n\n\n\n<div class=\"wp-block-button\"><a class=\"wp-block-button__link wp-element-button\" href=\"https:\/\/matthewgraye.com\/wp-content\/uploads\/2026\/02\/Matthew_Graye_Techrider-1.pdf\" target=\"_blank\" rel=\"noreferrer noopener\">Techrider<\/a><\/div>\n\n\n\n<div class=\"wp-block-button\"><a class=\"wp-block-button__link wp-element-button\" href=\"https:\/\/matthewgraye.com\/wp-content\/uploads\/2026\/02\/Matthew_Graye_Cateringrider-1.pdf\" target=\"_blank\" rel=\"noreferrer noopener\">Catering Rider<\/a><\/div>\n<\/div>\n<\/div>\n\n\n\n<div class=\"wp-block-column is-layout-flow wp-block-column-is-layout-flow\"><\/div>\n<\/div>\n<\/div>\n<\/div>\n\n\n\n<div style=\"height:100px\" aria-hidden=\"true\" class=\"wp-block-spacer\"><\/div>\n\n\n\n<p><\/p>\n","protected":false},"excerpt":{"rendered":"<p>Live Club tour Auftritte folgen\u2026 open air Auftritte folgen\u2026 \u00dcber uns in 10 Sekunden \u00bb\u2026 mit der Pr\u00e4destination zur Dauerrotation\u2026\u00ab [&hellip;]<\/p>\n","protected":false},"author":1,"featured_media":0,"parent":0,"menu_order":0,"comment_status":"closed","ping_status":"closed","template":"","meta":{"site-sidebar-layout":"no-sidebar","site-content-layout":"plain-container","ast-site-content-layout":"default","site-content-style":"default","site-sidebar-style":"default","ast-global-header-display":"","ast-banner-title-visibility":"","ast-main-header-display":"","ast-hfb-above-header-display":"","ast-hfb-below-header-display":"","ast-hfb-mobile-header-display":"","site-post-title":"disabled","ast-breadcrumbs-content":"","ast-featured-img":"","footer-sml-layout":"","ast-disable-related-posts":"","theme-transparent-header-meta":"enabled","adv-header-id-meta":"","stick-header-meta":"","header-above-stick-meta":"","header-main-stick-meta":"","header-below-stick-meta":"","astra-migrate-meta-layouts":"default","ast-page-background-enabled":"default","ast-page-background-meta":{"desktop":{"background-color":"var(--ast-global-color-5)","background-image":"","background-repeat":"repeat","background-position":"center center","background-size":"auto","background-attachment":"scroll","background-type":"","background-media":"","overlay-type":"","overlay-color":"","overlay-opacity":"","overlay-gradient":""},"tablet":{"background-color":"","background-image":"","background-repeat":"repeat","background-position":"center center","background-size":"auto","background-attachment":"scroll","background-type":"","background-media":"","overlay-type":"","overlay-color":"","overlay-opacity":"","overlay-gradient":""},"mobile":{"background-color":"","background-image":"","background-repeat":"repeat","background-position":"center center","background-size":"auto","background-attachment":"scroll","background-type":"","background-media":"","overlay-type":"","overlay-color":"","overlay-opacity":"","overlay-gradient":""}},"ast-content-background-meta":{"desktop":{"background-color":"var(--ast-global-color-4)","background-image":"","background-repeat":"repeat","background-position":"center center","background-size":"auto","background-attachment":"scroll","background-type":"","background-media":"","overlay-type":"","overlay-color":"","overlay-opacity":"","overlay-gradient":""},"tablet":{"background-color":"var(--ast-global-color-4)","background-image":"","background-repeat":"repeat","background-position":"center center","background-size":"auto","background-attachment":"scroll","background-type":"","background-media":"","overlay-type":"","overlay-color":"","overlay-opacity":"","overlay-gradient":""},"mobile":{"background-color":"var(--ast-global-color-4)","background-image":"","background-repeat":"repeat","background-position":"center center","background-size":"auto","background-attachment":"scroll","background-type":"","background-media":"","overlay-type":"","overlay-color":"","overlay-opacity":"","overlay-gradient":""}},"footnotes":""},"class_list":["post-8","page","type-page","status-publish","hentry"],"_links":{"self":[{"href":"https:\/\/matthewgraye.com\/index.php\/wp-json\/wp\/v2\/pages\/8","targetHints":{"allow":["GET"]}}],"collection":[{"href":"https:\/\/matthewgraye.com\/index.php\/wp-json\/wp\/v2\/pages"}],"about":[{"href":"https:\/\/matthewgraye.com\/index.php\/wp-json\/wp\/v2\/types\/page"}],"author":[{"embeddable":true,"href":"https:\/\/matthewgraye.com\/index.php\/wp-json\/wp\/v2\/users\/1"}],"replies":[{"embeddable":true,"href":"https:\/\/matthewgraye.com\/index.php\/wp-json\/wp\/v2\/comments?post=8"}],"version-history":[{"count":68,"href":"https:\/\/matthewgraye.com\/index.php\/wp-json\/wp\/v2\/pages\/8\/revisions"}],"predecessor-version":[{"id":199,"href":"https:\/\/matthewgraye.com\/index.php\/wp-json\/wp\/v2\/pages\/8\/revisions\/199"}],"wp:attachment":[{"href":"https:\/\/matthewgraye.com\/index.php\/wp-json\/wp\/v2\/media?parent=8"}],"curies":[{"name":"wp","href":"https:\/\/api.w.org\/{rel}","templated":true}]}}